{"id":1067,"date":"2021-07-16T11:53:33","date_gmt":"2021-07-16T08:53:33","guid":{"rendered":"https:\/\/cloudbasetravel.com\/contact\/"},"modified":"2023-05-09T19:33:16","modified_gmt":"2023-05-09T16:33:16","slug":"contact","status":"publish","type":"page","link":"https:\/\/cloudbasetravel.com\/en\/contact\/","title":{"rendered":"Contact"},"content":{"rendered":"  <div id=\"page-header-1824232492\" class=\"page-header-wrapper\">\n  <div class=\"page-title dark featured-title\">\n\n    \n    <div class=\"page-title-inner container align-center text-center flex-row-col medium-flex-wrap\" >\n              <div class=\"title-wrapper flex-col\">\n          <h1 class=\"entry-title mb-0\">\n            CONTACT          <\/h1>\n        <\/div>\n                    <div class=\"title-content flex-col\">\n              <\/div>\n    <\/div>\n\n       <\/div>\n    <\/div>\n  \n<div class=\"row\"  id=\"row-589355274\">\n\n\t<div id=\"col-2082183552\" class=\"col medium-6 small-12 large-6\"  >\n\t\t\t\t<div class=\"col-inner\"  >\n\t\t\t\n\t\t\t\n<div class=\"container section-title-container\" ><h3 class=\"section-title section-title-center\"><b aria-hidden=\"true\"><\/b><span class=\"section-title-main\" >CONTACT INFORMATION<\/span><b aria-hidden=\"true\"><\/b><\/h3><\/div>\n<a href=\"https:\/\/www.google.com\/maps\/place\/Cloudbase+Paragliding+%26+Travel+Agency\/@36.5449911,29.1226981,17z\/data=!4m6!3m5!1s0x14c041478da67d05:0xae8cec085a076a70!8m2!3d36.5449911!4d29.1248868!16s%2Fg%2F11pc1kpr58\" target=\"_blank\" class=\"button primary lowercase expand\" rel=\"noopener\">\n\t<i class=\"icon-map-pin-fill\" aria-hidden=\"true\"><\/i>\t<span>\u00d6l\u00fcdeniz Mahallesi Denizpark Cad. No:11\/1 Fethiye\/Mu\u011fla<\/span>\n\t<\/a>\n\n<a href=\"tel:+90%20553%20908%2031%2098\" class=\"button primary lowercase expand\" >\n\t<i class=\"icon-phone\" aria-hidden=\"true\"><\/i>\t<span>+90 553 908 31 98<\/span>\n\t<\/a>\n\n<a href=\"mailto:info@cloudbasetravel.com\" class=\"button primary lowercase expand\" >\n\t<i class=\"icon-envelop\" aria-hidden=\"true\"><\/i>\t<span>operasyon@cloudbasetravel.com<\/span>\n\t<\/a>\n\n<div class=\"social-icons follow-icons full-width text-center\" ><a href=\"https:\/\/www.facebook.com\/Cloudbasetravelagency-109085730591146\/\" target=\"_blank\" data-label=\"Facebook\" class=\"icon primary button circle tooltip facebook\" title=\"Follow on Facebook\" aria-label=\"Follow on Facebook\" rel=\"noopener nofollow\"><i class=\"icon-facebook\" aria-hidden=\"true\"><\/i><\/a><a href=\"https:\/\/instagram.com\/cloudbasetravelagency?igshid=v9iywlcpd7qv\" target=\"_blank\" data-label=\"Instagram\" class=\"icon primary button circle tooltip instagram\" title=\"Follow on Instagram\" aria-label=\"Follow on Instagram\" rel=\"noopener nofollow\"><i class=\"icon-instagram\" aria-hidden=\"true\"><\/i><\/a><a href=\"https:\/\/twitter.com\/cloudbaseA\" data-label=\"Twitter\" target=\"_blank\" class=\"icon primary button circle tooltip twitter\" title=\"Follow on Twitter\" aria-label=\"Follow on Twitter\" rel=\"noopener nofollow\"><i class=\"icon-twitter\" aria-hidden=\"true\"><\/i><\/a><a href=\"https:\/\/linkedin.com\/in\/cloudbase-travel-agency-44b393211\" data-label=\"LinkedIn\" target=\"_blank\" class=\"icon primary button circle tooltip linkedin\" title=\"Follow on LinkedIn\" aria-label=\"Follow on LinkedIn\" rel=\"noopener nofollow\"><i class=\"icon-linkedin\" aria-hidden=\"true\"><\/i><\/a><a href=\"https:\/\/www.youtube.com\/channel\/UCZW5sQdeDtUOayKYB2vqe_w\" data-label=\"YouTube\" target=\"_blank\" class=\"icon primary button circle tooltip youtube\" title=\"Follow on YouTube\" aria-label=\"Follow on YouTube\" rel=\"noopener nofollow\"><i class=\"icon-youtube\" aria-hidden=\"true\"><\/i><\/a><\/div>\n<div class=\"container section-title-container\" style=\"margin-top:15px;\"><h3 class=\"section-title section-title-center\"><b aria-hidden=\"true\"><\/b><span class=\"section-title-main\" >CORPORATE INFORMATION<\/span><b aria-hidden=\"true\"><\/b><\/h3><\/div>\n<ul>\n<li><strong>Commercial Title: <\/strong>Fenomen Seyahat Acentesi E\u011fitim Hava Sporlar\u0131 Turizm Tekstil \u0130thalat \u0130hracat San. ve Tic. Ltd. \u015eti.<\/li>\n<li><strong>TURSAB Name:<\/strong> Cloudbase Travel Agency<\/li>\n<li><strong>Document No: <\/strong>12435<\/li>\n<li><strong>Address: <\/strong>\u00d6l\u00fcdeniz Mahallesi Denizpark Cad. No:11\/1 Fethiye\/Mu\u011fla<\/li>\n<li><strong><strong>KEP Address: <\/strong><\/strong>fenomenseyahat@hs01.kep.tr<\/li>\n<\/ul>\n\t\t<\/div>\n\t\t\t\t\t<\/div>\n\n\t\n\n\t<div id=\"col-811768454\" class=\"col medium-6 small-12 large-6 small-col-first\"  >\n\t\t\t\t<div class=\"col-inner\"  >\n\t\t\t\n\t\t\t\n<div class=\"container section-title-container\" ><h3 class=\"section-title section-title-center\"><b aria-hidden=\"true\"><\/b><span class=\"section-title-main\" >CONTACT US<\/span><b aria-hidden=\"true\"><\/b><\/h3><\/div>\n<div class=\"wpforms-container wpforms-container-full\" id=\"wpforms-1147\"><form id=\"wpforms-form-1147\" class=\"wpforms-validate wpforms-form\" data-formid=\"1147\" method=\"post\" enctype=\"multipart\/form-data\" action=\"\/en\/wp-json\/wp\/v2\/pages\/1067\" data-token=\"63e7091e0edae4c296e1ca83d9584cb1\" data-token-time=\"1775637866\"><noscript class=\"wpforms-error-noscript\">Please enable JavaScript in your browser to complete this form.<\/noscript><div class=\"wpforms-field-container\"><div id=\"wpforms-1147-field_0-container\" class=\"wpforms-field wpforms-field-name\" data-field-id=\"0\"><label class=\"wpforms-field-label\" for=\"wpforms-1147-field_0\">Name: <span class=\"wpforms-required-label\">*<\/span><\/label><input type=\"text\" id=\"wpforms-1147-field_0\" class=\"wpforms-field-large wpforms-field-required\" name=\"wpforms[fields][0]\" required><\/div><div id=\"wpforms-1147-field_1-container\" class=\"wpforms-field wpforms-field-email\" data-field-id=\"1\"><label class=\"wpforms-field-label\" for=\"wpforms-1147-field_1\">E-Mail: <span class=\"wpforms-required-label\">*<\/span><\/label><input type=\"email\" id=\"wpforms-1147-field_1\" class=\"wpforms-field-large wpforms-field-required\" name=\"wpforms[fields][1]\" spellcheck=\"false\" required><\/div><div id=\"wpforms-1147-field_3-container\" class=\"wpforms-field wpforms-field-number\" data-field-id=\"3\"><label class=\"wpforms-field-label\" for=\"wpforms-1147-field_3\">Phone: <span class=\"wpforms-required-label\">*<\/span><\/label><input type=\"number\" id=\"wpforms-1147-field_3\" class=\"wpforms-field-large wpforms-field-required\" name=\"wpforms[fields][3]\" step=\"any\" required><\/div><div id=\"wpforms-1147-field_2-container\" class=\"wpforms-field wpforms-field-textarea\" data-field-id=\"2\"><label class=\"wpforms-field-label\" for=\"wpforms-1147-field_2\">Message <span class=\"wpforms-required-label\">*<\/span><\/label><textarea id=\"wpforms-1147-field_2\" class=\"wpforms-field-medium wpforms-field-required\" name=\"wpforms[fields][2]\" required><\/textarea><\/div><\/div><!-- .wpforms-field-container --><div class=\"wpforms-submit-container\" ><input type=\"hidden\" name=\"wpforms[id]\" value=\"1147\"><input type=\"hidden\" name=\"page_title\" value=\"\"><input type=\"hidden\" name=\"page_url\" value=\"https:\/\/cloudbasetravel.com\/en\/wp-json\/wp\/v2\/pages\/1067\"><input type=\"hidden\" name=\"url_referer\" value=\"\"><button type=\"submit\" name=\"wpforms[submit]\" id=\"wpforms-submit-1147\" class=\"wpforms-submit\" data-alt-text=\"Submitting...\" data-submit-text=\"Submit\" aria-live=\"assertive\" value=\"wpforms-submit\">Submit<\/button><\/div><\/form><\/div>  <!-- .wpforms-container -->\n\t\t<\/div>\n\t\t\t\t\t<\/div>\n\n\t\n\n<style>\n#row-589355274 > .col > .col-inner {\n  padding: 30px 0px 0px 0px;\n}\n<\/style>\n<\/div>\n<div class=\"row align-middle align-center\"  id=\"row-1309592488\">\n\n\t<div id=\"col-1304154300\" class=\"col medium-7 small-12 large-7\"  >\n\t\t\t\t<div class=\"col-inner text-left\"  >\n\t\t\t\n\t\t\t\n\n\t\t<div class=\"tabbed-content\">\n\t\t\t\n\t\t\t<ul class=\"nav nav-outline nav-uppercase nav-size-xlarge nav-center\" role=\"tablist\"><li id=\"tab-membership\" class=\"tab active has-icon\" role=\"presentation\"><a href=\"#tab_membership\" role=\"tab\" aria-selected=\"true\" aria-controls=\"tab_membership\"><span>Membership<\/span><\/a><\/li><\/ul><div class=\"tab-panels\"><div id=\"tab_membership\" class=\"panel active entry-content\" role=\"tabpanel\" aria-labelledby=\"tab-membership\">\n<div class=\"accordion\">\n\t<div id=\"accordion-2543982198\" class=\"accordion-item\">\n\t\t<a id=\"accordion-2543982198-label\" class=\"accordion-title plain\" href=\"#accordion-item-do-i-have-to-be-a-member?\" aria-expanded=\"false\" aria-controls=\"accordion-2543982198-content\">\n\t\t\t<button class=\"toggle\" aria-label=\"Toggle\"><i class=\"icon-angle-down\" aria-hidden=\"true\"><\/i><\/button>\n\t\t\t<span>Do I have to be a member?<\/span>\n\t\t<\/a>\n\t\t<div id=\"accordion-2543982198-content\" class=\"accordion-inner\" aria-labelledby=\"accordion-2543982198-label\">\n\t\t\t\n<p id=\"tw-target-text\" class=\"tw-data-text tw-text-large XcVN5d tw-ta\" dir=\"ltr\" data-placeholder=\"\u00c7eviri\"><span class=\"Y2IQFc\" lang=\"en\">You do not have to be a member to shop. However, membership conditions are required to benefit from discounts, write comments and give points.<\/span><\/p>\n\t\t<\/div>\n\t<\/div>\n\t\n\t<div id=\"accordion-3839143844\" class=\"accordion-item\">\n\t\t<a id=\"accordion-3839143844-label\" class=\"accordion-title plain\" href=\"#accordion-item-is-membership-paid?\" aria-expanded=\"false\" aria-controls=\"accordion-3839143844-content\">\n\t\t\t<button class=\"toggle\" aria-label=\"Toggle\"><i class=\"icon-angle-down\" aria-hidden=\"true\"><\/i><\/button>\n\t\t\t<span>Is membership paid?<\/span>\n\t\t<\/a>\n\t\t<div id=\"accordion-3839143844-content\" class=\"accordion-inner\" aria-labelledby=\"accordion-3839143844-label\">\n\t\t\t\n<p id=\"tw-target-text\" class=\"tw-data-text tw-text-large XcVN5d tw-ta\" dir=\"ltr\" data-placeholder=\"\u00c7eviri\"><span class=\"Y2IQFc\" lang=\"en\">No, membership is a free service.<\/span><\/p>\n\t\t<\/div>\n\t<\/div>\n\t\n\t<div id=\"accordion-96564205\" class=\"accordion-item\">\n\t\t<a id=\"accordion-96564205-label\" class=\"accordion-title plain\" href=\"#accordion-item-can-third-parties-access-my-membership-personal-information?\" aria-expanded=\"false\" aria-controls=\"accordion-96564205-content\">\n\t\t\t<button class=\"toggle\" aria-label=\"Toggle\"><i class=\"icon-angle-down\" aria-hidden=\"true\"><\/i><\/button>\n\t\t\t<span>Can third parties access my membership personal information?<\/span>\n\t\t<\/a>\n\t\t<div id=\"accordion-96564205-content\" class=\"accordion-inner\" aria-labelledby=\"accordion-96564205-label\">\n\t\t\t\n<p>No way; cloudbasetravel.com stores the personal information of its customers within the scope of KVKK \/ Privacy Policy. Third parties are not allowed to access this information.<\/p>\n\t\t<\/div>\n\t<\/div>\n\t\n<\/div>\n<\/div><\/div><\/div>\n\t\t<\/div>\n\t\t\t\t\t<\/div>\n\n\t\n\n<style>\n#row-1309592488 > .col > .col-inner {\n  padding: 30px 0px 0px 0px;\n}\n<\/style>\n<\/div>\n","protected":false},"excerpt":{"rendered":"","protected":false},"author":85,"featured_media":0,"parent":0,"menu_order":0,"comment_status":"closed","ping_status":"closed","template":"page-blank.php","meta":{"jetpack_post_was_ever_published":false,"footnotes":""},"class_list":["post-1067","page","type-page","status-publish","hentry"],"jetpack_sharing_enabled":true,"_links":{"self":[{"href":"https:\/\/cloudbasetravel.com\/en\/wp-json\/wp\/v2\/pages\/1067","targetHints":{"allow":["GET"]}}],"collection":[{"href":"https:\/\/cloudbasetravel.com\/en\/wp-json\/wp\/v2\/pages"}],"about":[{"href":"https:\/\/cloudbasetravel.com\/en\/wp-json\/wp\/v2\/types\/page"}],"author":[{"embeddable":true,"href":"https:\/\/cloudbasetravel.com\/en\/wp-json\/wp\/v2\/users\/85"}],"replies":[{"embeddable":true,"href":"https:\/\/cloudbasetravel.com\/en\/wp-json\/wp\/v2\/comments?post=1067"}],"version-history":[{"count":16,"href":"https:\/\/cloudbasetravel.com\/en\/wp-json\/wp\/v2\/pages\/1067\/revisions"}],"predecessor-version":[{"id":2909,"href":"https:\/\/cloudbasetravel.com\/en\/wp-json\/wp\/v2\/pages\/1067\/revisions\/2909"}],"wp:attachment":[{"href":"https:\/\/cloudbasetravel.com\/en\/wp-json\/wp\/v2\/media?parent=1067"}],"curies":[{"name":"wp","href":"https:\/\/api.w.org\/{rel}","templated":true}]}}