{"id":1101,"date":"2021-06-23T15:51:44","date_gmt":"2021-06-23T12:51:44","guid":{"rendered":"https:\/\/cloudbasetravel.com\/dodecanese-boat-tour-fethiye\/"},"modified":"2025-07-31T01:19:21","modified_gmt":"2025-07-30T22:19:21","slug":"dodecanese-boat-tour-fethiye","status":"publish","type":"product","link":"https:\/\/cloudbasetravel.com\/en\/service\/dodecanese-boat-tour-fethiye\/","title":{"rendered":"Dodecanese Boat Tour &#8211; Fethiye"},"content":{"rendered":"<p><span style=\"font-weight: 400;\">Do not leave Fethiye without seeing these nature wonder islands and bays scattered like stars in the turquoise waters of the Mediterranean. For this all-day tour, our tour begins after you are picked up from where you are and brought to our boat in the Fethiye marina. You are welcomed warmly at the boat entrance and can get all the information you are curious about. In the tour where every fine detail is considered for customer satisfaction, sail is set according to the condition of the wind you can reach the first island by enjoying speeding in the wind.\u00a0<\/span><\/p>\n<p><span style=\"font-weight: 400;\">Among the most popular islands of the tour are the Islands of Yass\u0131ca; among the people, these are\u00a0 5 small islands known as Ka\u015f\u0131k Island. You can watch the bird&#8217;s eye view of the islands from the hill with the trail where you can enjoy swimming from island to island and see the endemic vegetation. The island, which has water sports such as Ringo banana, has a natural pool as if it was made especially for infants.<\/span><\/p>\n<p><span style=\"font-weight: 400;\">The turquoise waters of the next island will attract you more. It is also possible to see 19th century Greek house ruins in the place called Shipyard Island due to the Ottoman shipyard ruins. In the 1957 earthquake, the shipyards and houses were flooded, so if you want to see this sunken city, don&#8217;t forget to buy snorkels before the tour.<\/span><\/p>\n<p><span style=\"font-weight: 400;\">Our tour ends with your transfer from Fethiye marina to the hotel at 17:45.<\/span><\/p>\n<ul>\n<li style=\"font-weight: 400;\" aria-level=\"1\"><span style=\"font-weight: 400;\">\u00a0Depending on the meteorological conditions, the captain has the right to change locations.<\/span><\/li>\n<\/ul>\n<div class=\"text-center\"><div class=\"is-divider divider clearfix\" style=\"max-width:1246px;background-color:rgb(255, 73, 0);\"><\/div><\/div>\n<div class=\"row align-equal align-center row-divided\"  id=\"row-1580498293\">\n\n\t<div id=\"col-454302847\" class=\"col medium-4 small-12 large-4\"  >\n\t\t\t\t<div class=\"col-inner\"  >\n\t\t\t\n\t\t\t\n<p><strong>Pickup Hours<\/strong><\/p>\n<ul>\n<li style=\"font-weight: 400;\" aria-level=\"1\"><span style=\"font-weight: 400;\">\u00d6l\u00fcdeniz 09:00<\/span><\/li>\n<li style=\"font-weight: 400;\" aria-level=\"1\"><span style=\"font-weight: 400;\">Ovac\u0131k \u2013 9:30 AM<\/span><\/li>\n<li style=\"font-weight: 400;\" aria-level=\"1\"><span style=\"font-weight: 400;\">Hisar\u00f6n\u00fc \u2013 9:30 AM<\/span><\/li>\n<li style=\"font-weight: 400;\" aria-level=\"1\"><span style=\"font-weight: 400;\">\u00c7al\u0131\u015f \u2013 9:45 AM<\/span><\/li>\n<li style=\"font-weight: 400;\" aria-level=\"1\"><span style=\"font-weight: 400;\">Letonya Hotel\u00a0 (Pier) \u2013 10:45<\/span><\/li>\n<li style=\"font-weight: 400;\" aria-level=\"1\"><span style=\"font-weight: 400;\">Our tour ends at Fethiye marina at 17:45.<\/span><\/li>\n<\/ul>\n\t\t<\/div>\n\t\t\t\t\t<\/div>\n\n\t\n\n\t<div id=\"col-1751348308\" class=\"col medium-4 small-12 large-4\"  >\n\t\t\t\t<div class=\"col-inner\"  >\n\t\t\t\n\t\t\t\n<p><strong>Those-Included in the Basic Price<\/strong><\/p>\n<ul>\n<li style=\"font-weight: 400;\" aria-level=\"1\"><span style=\"font-weight: 400;\">Open Buffet Lunch<\/span><\/li>\n<li style=\"font-weight: 400;\" aria-level=\"1\"><span style=\"font-weight: 400;\">Guidance Service<\/span><\/li>\n<li style=\"font-weight: 400;\" aria-level=\"1\"><span style=\"font-weight: 400;\">Transportation<\/span><\/li>\n<li style=\"font-weight: 400;\" aria-level=\"1\"><span style=\"font-weight: 400;\">Open Buffet Lunch<\/span><\/li>\n<li style=\"font-weight: 400;\" aria-level=\"1\"><span style=\"font-weight: 400;\">Life Vest<\/span><\/li>\n<\/ul>\n\t\t<\/div>\n\t\t\t\t\t<\/div>\n\n\t\n\n\t<div id=\"col-1887779321\" class=\"col medium-4 small-12 large-4\"  >\n\t\t\t\t<div class=\"col-inner\"  >\n\t\t\t\n\t\t\t\n<p><strong>Those Not Included in the Basic Price<\/strong><\/p>\n<ul>\n<li style=\"font-weight: 400;\" aria-level=\"1\"><span style=\"font-weight: 400;\">Beverages<\/span><\/li>\n<\/ul>\n\t\t<\/div>\n\t\t\t\t\t<\/div>\n\n\t\n<\/div>\n","protected":false},"excerpt":{"rendered":"<p><strong>The service fee is $40.<\/strong> You can make your reservation right now with 10% Advance Payment; You can take the tour with confidence and pleasure by paying the remaining amount of the fee ($36) before the service when you come to our office.<\/p>\n","protected":false},"featured_media":670,"comment_status":"open","ping_status":"closed","template":"","meta":{"jetpack_publicize_message":"","jetpack_publicize_feature_enabled":true,"jetpack_social_post_already_shared":false,"jetpack_social_options":{"image_generator_settings":{"template":"highway","default_image_id":0,"font":"","enabled":false},"version":2},"_wpas_customize_per_network":false},"product_brand":[],"product_cat":[52,95,54],"product_tag":[],"class_list":{"0":"post-1101","1":"product","2":"type-product","3":"status-publish","4":"has-post-thumbnail","6":"product_cat-activities","7":"product_cat-daily-tours","8":"product_cat-tours","10":"first","11":"instock","12":"virtual","13":"taxable","14":"purchasable","15":"product-type-appointment"},"exclude_global_add_ons":false,"addons":[{"name":"Transfer Departure Times May Vary by Region","type":"multiple_choice","position":0,"required":true,"title_format":"hide","default":"","description_enable":true,"description":" Please Select Your Transfer Region","placeholder_enable":false,"placeholder":"","display":"select","restrictions_type":"any_text","adjust_price":false,"price":"","price_type":"flat_fee","restrictions":false,"min":"0","max":"0","options":[{"label":"\u00d6l\u00fcdeniz - 9:00","price":"","price_type":"flat_fee","image":0,"visibility":true},{"label":"Ovac\u0131k - 09:30","price":"","price_type":"flat_fee","image":0,"visibility":true},{"label":"Hisar\u00f6n\u00fc - 09:30","price":"","price_type":"flat_fee","image":0,"visibility":true},{"label":"\u00c7al\u0131\u015f - 09:45","price":"","price_type":"flat_fee","image":0,"visibility":true},{"label":"Letonya Otel (\u0130skele) - 10:45","price":"","price_type":"flat_fee","image":0,"visibility":true}],"id":1752667850}],"jetpack_publicize_connections":[],"jetpack_sharing_enabled":true,"_links":{"self":[{"href":"https:\/\/cloudbasetravel.com\/en\/wp-json\/wp\/v2\/product\/1101","targetHints":{"allow":["GET"]}}],"collection":[{"href":"https:\/\/cloudbasetravel.com\/en\/wp-json\/wp\/v2\/product"}],"about":[{"href":"https:\/\/cloudbasetravel.com\/en\/wp-json\/wp\/v2\/types\/product"}],"replies":[{"embeddable":true,"href":"https:\/\/cloudbasetravel.com\/en\/wp-json\/wp\/v2\/comments?post=1101"}],"wp:featuredmedia":[{"embeddable":true,"href":"https:\/\/cloudbasetravel.com\/en\/wp-json\/wp\/v2\/media\/670"}],"wp:attachment":[{"href":"https:\/\/cloudbasetravel.com\/en\/wp-json\/wp\/v2\/media?parent=1101"}],"wp:term":[{"taxonomy":"product_brand","embeddable":true,"href":"https:\/\/cloudbasetravel.com\/en\/wp-json\/wp\/v2\/product_brand?post=1101"},{"taxonomy":"product_cat","embeddable":true,"href":"https:\/\/cloudbasetravel.com\/en\/wp-json\/wp\/v2\/product_cat?post=1101"},{"taxonomy":"product_tag","embeddable":true,"href":"https:\/\/cloudbasetravel.com\/en\/wp-json\/wp\/v2\/product_tag?post=1101"}],"curies":[{"name":"wp","href":"https:\/\/api.w.org\/{rel}","templated":true}]}}