{"id":3932,"date":"2024-04-27T15:16:11","date_gmt":"2024-04-27T12:16:11","guid":{"rendered":"https:\/\/cloudbasetravel.com\/hizmet\/microlight-flight-deluxe-tour-45-min\/"},"modified":"2025-04-16T15:46:42","modified_gmt":"2025-04-16T12:46:42","slug":"microlight-flight-deluxe-tour-45-min","status":"publish","type":"product","link":"https:\/\/cloudbasetravel.com\/en\/service\/microlight-flight-deluxe-tour-45-min\/","title":{"rendered":"Microlight Flight \/ Deluxe Tour (45 min)"},"content":{"rendered":"<p>Get the opportunity to see the unique \u00d6l\u00fcdeniz, So\u011fuksu Bay, Gemiler Island, Butterfly Valley, Aquarium Bay, Afkule Monastery, Boncuklu Bay, Tersane, Kayak\u00f6y view from the sky with pleasure, safety and excitement with Microlight! An unforgettable experience awaits you with our experienced pilot staff.<\/p>\n<p>Our pilots<\/p>\n<ul>\n<li>Holds a Civil Aviation Pilot License,<\/li>\n<li>Minimum 5 (five) years of flight experience in the civil aviation sector,<\/li>\n<li>They are expert and experienced pilots in their field.<\/li>\n<li>All equipment used in flight is 2023 model.<\/li>\n<li>All our pilots have personal accident, liability and third party insurances.<\/li>\n<\/ul>\n<p>Microlight flight organization is an activity that takes 2 hours in total. The meeting point before the flight is our aviation airport located in \u00d6l\u00fcdeniz \/ Ovac\u0131k. Our meeting point is also the location where we will take off and land. Our preparations are completed by meeting you 30 minutes before the flight reservation time. For our guests staying in Fethiye region, shuttle service from hotel \/ villa \/ campgrounds is provided before and after the flight. These requests are received at the time of booking.<\/p>\n<p><strong>IMPORTANT : <\/strong>Heart disease, blood pressure, epilepsy, panic attacks or other conditions that can be evaluated according to the doctor&#8217;s advice should be reported before the flight. All measures for a peaceful and safe flight will be taken according to this information.<\/p>\n<h4><strong>Microlight Flight Conditions<\/strong><\/h4>\n<ul>\n<li>Age: 6 Years and Up<\/li>\n<\/ul>\n<p>(For persons under 18 years of age, the permission statement of their legal guardians is taken in the flight area).<\/p>\n<ul>\n<li class=\"bullet-checkmark\">Kilogram: Min 15 kg \/ Max. 100 kg<\/li>\n<\/ul>\n<h4><strong>What you need to bring for the flight<\/strong><\/h4>\n<ul>\n<li>Sneakers<\/li>\n<li>Sunglasses<\/li>\n<li>Sunscreen<\/li>\n<li>Long Sleeve Sweat-shirt<\/li>\n<\/ul>\n<h4><strong>Basic Price Includes<\/strong><\/h4>\n<ul>\n<li>Transfer<\/li>\n<li>Flight Insurance<\/li>\n<li>Guidance<\/li>\n<li>Flight Equipment<\/li>\n<\/ul>\n<h4><strong>Not Included in the Basic Price<\/strong><\/h4>\n<ul>\n<li>Video-Photo Shootings<\/li>\n<li>Personal Expenditures<\/li>\n<\/ul>\n<p>Contact us now if you have more questions <strong><br \/>\n<a href=\"https:\/\/cloudbasetravel.com\/en\/contact\/\" target=\"_blank\" rel=\"noopener\">Get in touch!<\/a><br \/>\n<\/strong><\/p>\n<div class=\"video video-fit mb\" style=\"padding-top:56.25%;\"><p><span class=\"embed-youtube\" style=\"text-align:center; display: block;\"><iframe loading=\"lazy\" class=\"youtube-player\" width=\"1020\" height=\"574\" src=\"https:\/\/www.youtube.com\/embed\/IzWzAWbXi2Y?version=3&#038;rel=1&#038;showsearch=0&#038;showinfo=1&#038;iv_load_policy=1&#038;fs=1&#038;hl=en-US&#038;autohide=2&#038;wmode=transparent\" allowfullscreen=\"true\" style=\"border:0;\" sandbox=\"allow-scripts allow-same-origin allow-popups allow-presentation allow-popups-to-escape-sandbox\"><\/iframe><\/span><\/p>\n<\/div>\n","protected":false},"excerpt":{"rendered":"<p>The service fee is <span class=\"woocommerce-Price-currencySymbol\">$<\/span>270,00. With 10% Prepayment, you can create your reservation right now and pay the remaining amount of the fee (<span class=\"woocommerce-Price-currencySymbol\">$243<\/span>,00) before the service when you arrive at our office, so you can fly safely and enjoy your flight.<\/p>\n<p><span data-contrast=\"auto\">Would you like to see the unique view of Fethiye region from a bird&#8217;s eye view? How about realizing this adventure with a microlight? If yes, you are invited to this unforgettable adventure with microlight flight accompanied by experienced instructor pilots. <\/span><\/p>\n","protected":false},"featured_media":3905,"comment_status":"open","ping_status":"closed","template":"","meta":{"jetpack_post_was_ever_published":false,"jetpack_publicize_message":"","jetpack_publicize_feature_enabled":true,"jetpack_social_post_already_shared":true,"jetpack_social_options":{"image_generator_settings":{"template":"highway","default_image_id":0,"font":"","enabled":false},"version":2},"_wpas_customize_per_network":false},"product_brand":[],"product_cat":[82,48],"product_tag":[],"class_list":{"0":"post-3932","1":"product","2":"type-product","3":"status-publish","4":"has-post-thumbnail","6":"product_cat-microlight","7":"product_cat-aktiviteler","9":"first","10":"outofstock","11":"taxable","12":"shipping-taxable","13":"purchasable","14":"product-type-appointment"},"exclude_global_add_ons":[],"addons":[],"jetpack_publicize_connections":[],"jetpack_sharing_enabled":true,"_links":{"self":[{"href":"https:\/\/cloudbasetravel.com\/en\/wp-json\/wp\/v2\/product\/3932","targetHints":{"allow":["GET"]}}],"collection":[{"href":"https:\/\/cloudbasetravel.com\/en\/wp-json\/wp\/v2\/product"}],"about":[{"href":"https:\/\/cloudbasetravel.com\/en\/wp-json\/wp\/v2\/types\/product"}],"replies":[{"embeddable":true,"href":"https:\/\/cloudbasetravel.com\/en\/wp-json\/wp\/v2\/comments?post=3932"}],"wp:featuredmedia":[{"embeddable":true,"href":"https:\/\/cloudbasetravel.com\/en\/wp-json\/wp\/v2\/media\/3905"}],"wp:attachment":[{"href":"https:\/\/cloudbasetravel.com\/en\/wp-json\/wp\/v2\/media?parent=3932"}],"wp:term":[{"taxonomy":"product_brand","embeddable":true,"href":"https:\/\/cloudbasetravel.com\/en\/wp-json\/wp\/v2\/product_brand?post=3932"},{"taxonomy":"product_cat","embeddable":true,"href":"https:\/\/cloudbasetravel.com\/en\/wp-json\/wp\/v2\/product_cat?post=3932"},{"taxonomy":"product_tag","embeddable":true,"href":"https:\/\/cloudbasetravel.com\/en\/wp-json\/wp\/v2\/product_tag?post=3932"}],"curies":[{"name":"wp","href":"https:\/\/api.w.org\/{rel}","templated":true}]}}