{"id":5879,"date":"2025-07-18T17:27:35","date_gmt":"2025-07-18T14:27:35","guid":{"rendered":"https:\/\/cloudbasetravel.com\/hizmet\/bidolu-tour-6-nights-7-days\/"},"modified":"2025-07-31T01:08:42","modified_gmt":"2025-07-30T22:08:42","slug":"bidolu-tour-6-nights-7-days","status":"publish","type":"product","link":"https:\/\/cloudbasetravel.com\/en\/service\/bidolu-tour-6-nights-7-days\/","title":{"rendered":"B\u0130&#8217;DOLU TOUR (6 Nights \/ 7 Days)"},"content":{"rendered":"<p style=\"font-weight: 400;\">If you are planning an adventurous holiday and want to spend hours full of adrenaline, this tour package is for you.<\/p>\n<h2><strong>Bi&#8217;Dolu Fethiye Oludeniz Tour<\/strong><\/h2>\n<p style=\"font-weight: 400;\">In this tour, where we have compiled all the extreme activities of Fethiye for you;<\/p>\n<ul>\n<li>Tandem Paragliding Flight<\/li>\n<li>Oludeniz Scuba Diving<\/li>\n<li>Boat Tour (with Lunch)<\/li>\n<li>Jeep Safari (Saklikent Tour &#8211; Lunch)<\/li>\n<li>Dalyan Tour (with Lunch)<\/li>\n<li>Babadag Cable Car Tour (at an altitude of 1,200 m or 1,700 m)<\/li>\n<\/ul>\n<p style=\"font-weight: 400;\">We program the activities for you. All you need to do to join our tour covering this delightful Fethiye, \u00d6l\u00fcdeniz and Babada\u011f regions is to choose your date range and send us the hotel information you will be staying in. All the remaining details are coordinated by our expert team to give you an unforgettable holiday, and all you have to do is enjoy this holiday with plenty of adventure.<\/p>\n<h3><strong>Important Additional Details about<\/strong> <strong>Bi&#8217;Dolu Fethiye Oludeniz <\/strong> Tour<\/h3>\n<ol>\n<li>If you plan your holiday to cover Tuesday or Friday; If you wish, we can organize your boat tour plan in the romantic colors of the sunset as a Sunset Cuise Tour with dinner.<\/li>\n<li>In our activity, where you will go to the Babada\u011f 1700 m track by watching the unique view of \u00d6l\u00fcdeniz with the Babada\u011f Cable Car, you can enjoy the unforgettable view while sitting in the restaurant in the cool mountain air during the day and watching the departure of tandem flights. It is necessary to make a reservation for the restaurant at sunset hours.<\/li>\n<\/ol>\n<p><span style=\"color: #ed1c24;\"><strong>IMPORTANT: <\/strong><\/span>Heart disease, blood pressure disorder, epilepsy, panic attack or disorders that can be evaluated according to the doctor&#8217;s advice should be reported before the tour. All precautions for a peaceful and safe holiday will be taken according to this information.<\/p>\n<p style=\"font-weight: 400;\"><strong>Basic Price Included<\/strong><\/p>\n<ul>\n<li>Tandem Paragliding Flight<\/li>\n<li>Oludeniz Scuba Diving<\/li>\n<li>Boat Tour (with Lunch)<\/li>\n<li>Jeep Safari (Hidden City Tour &#8211; Lunch)<\/li>\n<li>Dalyan Tour (with Lunch)<\/li>\n<li>Babada\u011f Cable Car Ticket (Round Trip)<\/li>\n<\/ul>\n<p style=\"font-weight: 400;\"><strong>Not Included in the Basic Price<\/strong><\/p>\n<ul>\n<li>Getting to the Region<\/li>\n<li>Hotel Accommodation<\/li>\n<li>Activity Photos Videos<\/li>\n<\/ul>\n<div style=\"width: 1020px;\" class=\"wp-video\"><video class=\"wp-video-shortcode\" id=\"video-5879-1\" width=\"1020\" height=\"574\" loop autoplay preload=\"metadata\" controls=\"controls\"><source type=\"video\/mp4\" src=\"https:\/\/cloudbasetravel.com\/wp-content\/uploads\/2025\/07\/bi-dolu-tur.mp4?_=1\" \/><a href=\"https:\/\/cloudbasetravel.com\/wp-content\/uploads\/2025\/07\/bi-dolu-tur.mp4\">https:\/\/cloudbasetravel.com\/wp-content\/uploads\/2025\/07\/bi-dolu-tur.mp4<\/a><\/video><\/div>\n","protected":false},"excerpt":{"rendered":"<p><span style=\"font-size: 110%;\"><strong>The service fee is 12.500 \u20ba.<\/strong><\/span> You can create your reservation right now with 10% Prepayment; By paying the rest of the fee (11.250 <span style=\"font-size: 110%;\">\u20ba<\/span>) before the service on the tour days, you can make your holiday safely and enjoyably.<\/p>\n","protected":false},"featured_media":5802,"comment_status":"open","ping_status":"closed","template":"","meta":{"jetpack_publicize_message":"","jetpack_publicize_feature_enabled":true,"jetpack_social_post_already_shared":true,"jetpack_social_options":{"image_generator_settings":{"template":"highway","default_image_id":0,"font":"","enabled":false},"version":2},"_wpas_customize_per_network":false},"product_brand":[],"product_cat":[52,96,54],"product_tag":[],"class_list":{"0":"post-5879","1":"product","2":"type-product","3":"status-publish","4":"has-post-thumbnail","6":"product_cat-activities","7":"product_cat-tour-packages","8":"product_cat-tours","10":"first","11":"instock","12":"virtual","13":"taxable","14":"purchasable","15":"product-type-appointment"},"exclude_global_add_ons":[],"addons":[],"jetpack_publicize_connections":[],"jetpack_sharing_enabled":true,"_links":{"self":[{"href":"https:\/\/cloudbasetravel.com\/en\/wp-json\/wp\/v2\/product\/5879","targetHints":{"allow":["GET"]}}],"collection":[{"href":"https:\/\/cloudbasetravel.com\/en\/wp-json\/wp\/v2\/product"}],"about":[{"href":"https:\/\/cloudbasetravel.com\/en\/wp-json\/wp\/v2\/types\/product"}],"replies":[{"embeddable":true,"href":"https:\/\/cloudbasetravel.com\/en\/wp-json\/wp\/v2\/comments?post=5879"}],"wp:featuredmedia":[{"embeddable":true,"href":"https:\/\/cloudbasetravel.com\/en\/wp-json\/wp\/v2\/media\/5802"}],"wp:attachment":[{"href":"https:\/\/cloudbasetravel.com\/en\/wp-json\/wp\/v2\/media?parent=5879"}],"wp:term":[{"taxonomy":"product_brand","embeddable":true,"href":"https:\/\/cloudbasetravel.com\/en\/wp-json\/wp\/v2\/product_brand?post=5879"},{"taxonomy":"product_cat","embeddable":true,"href":"https:\/\/cloudbasetravel.com\/en\/wp-json\/wp\/v2\/product_cat?post=5879"},{"taxonomy":"product_tag","embeddable":true,"href":"https:\/\/cloudbasetravel.com\/en\/wp-json\/wp\/v2\/product_tag?post=5879"}],"curies":[{"name":"wp","href":"https:\/\/api.w.org\/{rel}","templated":true}]}}